{"id":3756,"date":"2024-08-21T21:32:28","date_gmt":"2024-08-21T21:32:28","guid":{"rendered":"https:\/\/www.mgb-law.de\/imprint\/"},"modified":"2025-01-20T16:05:41","modified_gmt":"2025-01-20T16:05:41","slug":"imprint","status":"publish","type":"page","link":"https:\/\/www.mgb-law.de\/en\/imprint\/","title":{"rendered":"Imprint"},"content":{"rendered":"\t\t<div data-elementor-type=\"wp-page\" data-elementor-id=\"3756\" class=\"elementor elementor-3756 elementor-696\" data-elementor-post-type=\"page\">\n\t\t\t\t<div class=\"elementor-element elementor-element-30a1e46 e-flex e-con-boxed e-con e-parent\" data-id=\"30a1e46\" data-element_type=\"container\" data-e-type=\"container\">\n\t\t\t\t\t<div class=\"e-con-inner\">\n\t\t\t\t<div class=\"elementor-element elementor-element-fc22070 elementor-widget elementor-widget-heading\" data-id=\"fc22070\" data-element_type=\"widget\" data-e-type=\"widget\" data-widget_type=\"heading.default\">\n\t\t\t\t<div class=\"elementor-widget-container\">\n\t\t\t\t\t<h2 class=\"elementor-heading-title elementor-size-default\">Imprint<\/h2>\t\t\t\t<\/div>\n\t\t\t\t<\/div>\n\t\t\t\t<div class=\"elementor-element elementor-element-ada6be0 elementor-widget elementor-widget-spacer\" data-id=\"ada6be0\" data-element_type=\"widget\" data-e-type=\"widget\" data-widget_type=\"spacer.default\">\n\t\t\t\t<div class=\"elementor-widget-container\">\n\t\t\t\t\t\t\t<div class=\"elementor-spacer\">\n\t\t\t<div class=\"elementor-spacer-inner\"><\/div>\n\t\t<\/div>\n\t\t\t\t\t\t<\/div>\n\t\t\t\t<\/div>\n\t\t\t\t<div class=\"elementor-element elementor-element-d41beb8 elementor-widget elementor-widget-text-editor\" data-id=\"d41beb8\" data-element_type=\"widget\" data-e-type=\"widget\" data-widget_type=\"text-editor.default\">\n\t\t\t\t<div class=\"elementor-widget-container\">\n\t\t\t\t\t\t\t\t\t<p>are the owners of this website and responsible according to \u00a7 5 TMG, \u00a7 2 DL-InfoV:<\/p><p>Minoggio Grezesch Bachmann, a cooperation from:<\/p><p><strong>Rechtsanw\u00e4lte Grezesch &amp; Bachmann\u00a0<\/strong><b style=\"text-align: var(--text-align);\">Fachanw\u00e4lte f\u00fcr Steuerrecht und Strafrecht Partnerschaft mbB<\/b><\/p><p>Registered at Bremen Local Court under PR 217.<\/p><p>Partners according to Section 3 subsection 2 No. 2 German Act on Partnership Companies (PartGG): Dr. Jochen Bachmann, Dr. Alexander Pallas, Julius Heinisch, Julia Maria Weimann<\/p><p>V.i.S.d.P. Dr. Jochen Bachmann, Wachtstra\u00dfe 24 (Baumwollb\u00f6rse), 28195 Bremen<br \/>T +49 421 330 70 0<br \/>F +49 421 330 70 70<br \/><a href=\"mailto:info@steuer-strafrecht.de\">info@steuer-strafrecht.de<\/a><\/p><p>VAT ID No.: DE 193653204<\/p><p>Postal address: P.O. Box 105343, 28053 Bremen<\/p><p>and<\/p><p><strong>Rechtsanw\u00e4lte MINOGGIO Wirtschafts- und Steuerstrafrecht<\/strong><br \/><strong>Partnerschaft mbB\u00a0<\/strong><\/p><p>Registered at Essen Local Court under PR 5593.<\/p><p>Partners according to Section 3 subsection 2 No. 2 German Act on Partnership Companies (PartGG): Dr. Barbara Bischoff, Peter Wehn<\/p><p>Am Pulverschoppen 17<br \/>59071 Hamm<br \/>T +49 2381 920760<br \/>F +49 2381 920765<br \/><a href=\"mailto:mail@minoggio.de\">mail@minoggio.de<\/a><\/p><p>VAT ID No.: DE 203213426<\/p><p>The lawyers Wolf Grezesch, Dr. Jochen Bachmann, Dr. Alexander Pallas, Julius Heinisch, Katja Kastaun, Dr. Maren Pallas, Julia Maria Minnerup, Christoph Thomas, Chiara Schm\u00f6e, Inneke Alpers and Dr. Eva-Marie Birkmann are admitted to the bar in the Federal Republic of Germany and are members of the Hanseatische Rechtsanwaltskammer Bremen, Knochenhauerstra\u00dfe 36\/37, 28195 Bremen.<\/p><p>Dr. Ingo Minoggio, Peter Wehn, Dr. Barbara Bischoff, Karsten Possemeyer, Thomas Westermann, Vincent Hillejan, Lukas Anke LL.M., Johannes Prunzel, Dr. Friederike Goltsche are members of the Rechtsanwaltskammer Hamm, Ostenallee 18, 59065 Hamm, Germany.<br \/>The lawyers Dr. Andreas H\u00f6pfner and Sabrina Faber are admitted to the bar in Germany and are members of the Rechtsanwaltskammer K\u00f6ln, Riehler Stra\u00dfe 30, 50668 Cologne, Germany.<\/p><p>Jonathan Schmidt is admitted to the bar in Germany and is a member of the Hanseatic Bar Association Hamburg, Valentinskamp 88, 20355 Hamburg.<\/p><p>The following fee and professional regulations apply:<\/p><ul><li><p>BRAO &#8211; Federal Lawyers&#8217; Act<\/p><\/li><li><p>BORA &#8211; Professional Code of Conduct for Lawyers<\/p><\/li><li><p>FAO &#8211; Specialist lawyer regulations<\/p><\/li><li><p>RVG &#8211; Lawyers&#8217; Fees Act<\/p><\/li><li><p>CCBE &#8211; Code of Conduct for Lawyers in the European Union<\/p><\/li><\/ul><p>The wording of the professional regulations can be viewed and accessed in German and English on the website of the German Federal Bar Association<span style=\"text-decoration: underline;\"><a href=\"http:\/\/www.brak.de\">(www.brak.de)<\/a><\/span> under the heading &#8220;Berufsrecht&#8221;.<\/p><p><strong>Professional liability insurance:<\/strong><\/p><p>All attorneys named on this homepage are covered by professional liability insurance for their work as attorneys at Allianz-Versicherungs AG, K\u00f6niginstra\u00dfe 28, 80802 Munich.<\/p><p><strong>Out-of-court dispute resolution:<\/strong><\/p><p>In the event of disputes between lawyers and their clients, it is possible to apply for out-of-court dispute resolution at the regional bar association (pursuant to Section 73 (2) No. 3 in conjunction with Section 73 (5) BRAO) or at the arbitration board of the legal profession (Section 191f BRAO) at the Federal Bar Association, <a href=\"http:\/\/www.schlichtungsstelle-der-rechtsanwaltschaft.de.\">www.schlichtungsstelle-der-rechtsanwaltschaft.de.<\/a><\/p><p><strong>Information in accordance with the Consumer Dispute Resolution Act:<\/strong><\/p><p>There is no obligation and no willingness to participate in a dispute resolution procedure before a consumer arbitration board.<\/p><p><strong>Reference to EU dispute resolution:<\/strong><\/p><p>The European Commission provides a platform for online dispute resolution (OS): <a href=\"http:\/\/ec.europa.eu\/consumers\/odr\">http:\/\/ec.europa.eu\/consumers\/odr<\/a><\/p><p><strong>Note according to \u00a7 33 Federal Data Protection Act (BDSG):<\/strong><\/p><p>It is expressly pointed out that in the event of e-mail contact, the issuing or processing of a mandate, all personal data required for the contact, in particular name, address, job title, telephone, fax and mobile phone numbers, e-mail addresses, etc., are recorded, stored and managed by computer. This data will not be passed on to third parties.<\/p><p><strong>Copyright information:<\/strong><\/p><p>This work is protected by copyright under German copyright law and international treaties.<\/p><p><strong>Liability notice:<\/strong><\/p><p>Despite careful control of the content, we assume no liability for the content of external links.<br \/>The operators of the linked pages are solely responsible for their content.<\/p>\t\t\t\t\t\t\t\t<\/div>\n\t\t\t\t<\/div>\n\t\t\t\t\t<\/div>\n\t\t\t\t<\/div>\n\t\t\t\t<\/div>\n\t\t","protected":false},"excerpt":{"rendered":"<p>Imprint are the owners of this website and responsible according to \u00a7 5 TMG, \u00a7 2 DL-InfoV: Minoggio Grezesch Bachmann, a cooperation from: Rechtsanw\u00e4lte Grezesch &amp; Bachmann\u00a0Fachanw\u00e4lte f\u00fcr Steuerrecht und Strafrecht Partnerschaft mbB Registered at Bremen Local Court under PR 217. Partners according to Section 3 subsection 2 No. 2 German Act on Partnership Companies [&hellip;]<\/p>\n","protected":false},"author":2,"featured_media":0,"parent":0,"menu_order":0,"comment_status":"closed","ping_status":"closed","template":"","meta":{"_acf_changed":false,"footnotes":""},"class_list":["post-3756","page","type-page","status-publish","hentry"],"acf":[],"yoast_head":"<!-- This site is optimized with the Yoast SEO Premium plugin v26.1 (Yoast SEO v27.3) - https:\/\/yoast.com\/product\/yoast-seo-premium-wordpress\/ -->\n<title>Imprint - Minoggio Grezesch Bachmann<\/title>\n<meta name=\"robots\" content=\"index, follow, max-snippet:-1, max-image-preview:large, max-video-preview:-1\" \/>\n<meta property=\"og:locale\" content=\"en_US\" \/>\n<meta property=\"og:type\" content=\"article\" \/>\n<meta property=\"og:title\" content=\"Imprint\" \/>\n<meta property=\"og:description\" content=\"Imprint are the owners of this website and responsible according to \u00a7 5 TMG, \u00a7 2 DL-InfoV: Minoggio Grezesch Bachmann, a cooperation from: Rechtsanw\u00e4lte Grezesch &amp; Bachmann\u00a0Fachanw\u00e4lte f\u00fcr Steuerrecht und Strafrecht Partnerschaft mbB Registered at Bremen Local Court under PR 217. Partners according to Section 3 subsection 2 No. 2 German Act on Partnership Companies [&hellip;]\" \/>\n<meta property=\"og:url\" content=\"https:\/\/www.mgb-law.de\/en\/imprint\/\" \/>\n<meta property=\"og:site_name\" content=\"Minoggio Grezesch Bachmann\" \/>\n<meta property=\"article:modified_time\" content=\"2025-01-20T16:05:41+00:00\" \/>\n<meta property=\"og:image\" content=\"https:\/\/www.mgb-law.de\/wp-content\/uploads\/2024\/09\/240906-MGB-SoMe.jpg\" \/>\n\t<meta property=\"og:image:width\" content=\"1200\" \/>\n\t<meta property=\"og:image:height\" content=\"675\" \/>\n\t<meta property=\"og:image:type\" content=\"image\/jpeg\" \/>\n<meta name=\"twitter:card\" content=\"summary_large_image\" \/>\n<meta name=\"twitter:label1\" content=\"Est. reading time\" \/>\n\t<meta name=\"twitter:data1\" content=\"3 minutes\" \/>\n<script type=\"application\/ld+json\" class=\"yoast-schema-graph\">{\"@context\":\"https:\\\/\\\/schema.org\",\"@graph\":[{\"@type\":\"WebPage\",\"@id\":\"https:\\\/\\\/www.mgb-law.de\\\/en\\\/imprint\\\/\",\"url\":\"https:\\\/\\\/www.mgb-law.de\\\/en\\\/imprint\\\/\",\"name\":\"Imprint - Minoggio Grezesch Bachmann\",\"isPartOf\":{\"@id\":\"https:\\\/\\\/www.mgb-law.de\\\/en\\\/#website\"},\"datePublished\":\"2024-08-21T21:32:28+00:00\",\"dateModified\":\"2025-01-20T16:05:41+00:00\",\"breadcrumb\":{\"@id\":\"https:\\\/\\\/www.mgb-law.de\\\/en\\\/imprint\\\/#breadcrumb\"},\"inLanguage\":\"en-US\",\"potentialAction\":[{\"@type\":\"ReadAction\",\"target\":[\"https:\\\/\\\/www.mgb-law.de\\\/en\\\/imprint\\\/\"]}]},{\"@type\":\"BreadcrumbList\",\"@id\":\"https:\\\/\\\/www.mgb-law.de\\\/en\\\/imprint\\\/#breadcrumb\",\"itemListElement\":[{\"@type\":\"ListItem\",\"position\":1,\"name\":\"Home\",\"item\":\"https:\\\/\\\/www.mgb-law.de\\\/en\\\/\"},{\"@type\":\"ListItem\",\"position\":2,\"name\":\"Imprint\"}]},{\"@type\":\"WebSite\",\"@id\":\"https:\\\/\\\/www.mgb-law.de\\\/en\\\/#website\",\"url\":\"https:\\\/\\\/www.mgb-law.de\\\/en\\\/\",\"name\":\"Minoggio Grezesch Bachmann\",\"description\":\"\",\"potentialAction\":[{\"@type\":\"SearchAction\",\"target\":{\"@type\":\"EntryPoint\",\"urlTemplate\":\"https:\\\/\\\/www.mgb-law.de\\\/en\\\/?s={search_term_string}\"},\"query-input\":{\"@type\":\"PropertyValueSpecification\",\"valueRequired\":true,\"valueName\":\"search_term_string\"}}],\"inLanguage\":\"en-US\"}]}<\/script>\n<!-- \/ Yoast SEO Premium plugin. -->","yoast_head_json":{"title":"Imprint - Minoggio Grezesch Bachmann","robots":{"index":"index","follow":"follow","max-snippet":"max-snippet:-1","max-image-preview":"max-image-preview:large","max-video-preview":"max-video-preview:-1"},"og_locale":"en_US","og_type":"article","og_title":"Imprint","og_description":"Imprint are the owners of this website and responsible according to \u00a7 5 TMG, \u00a7 2 DL-InfoV: Minoggio Grezesch Bachmann, a cooperation from: Rechtsanw\u00e4lte Grezesch &amp; Bachmann\u00a0Fachanw\u00e4lte f\u00fcr Steuerrecht und Strafrecht Partnerschaft mbB Registered at Bremen Local Court under PR 217. Partners according to Section 3 subsection 2 No. 2 German Act on Partnership Companies [&hellip;]","og_url":"https:\/\/www.mgb-law.de\/en\/imprint\/","og_site_name":"Minoggio Grezesch Bachmann","article_modified_time":"2025-01-20T16:05:41+00:00","og_image":[{"width":1200,"height":675,"url":"https:\/\/www.mgb-law.de\/wp-content\/uploads\/2024\/09\/240906-MGB-SoMe.jpg","type":"image\/jpeg"}],"twitter_card":"summary_large_image","twitter_misc":{"Est. reading time":"3 minutes"},"schema":{"@context":"https:\/\/schema.org","@graph":[{"@type":"WebPage","@id":"https:\/\/www.mgb-law.de\/en\/imprint\/","url":"https:\/\/www.mgb-law.de\/en\/imprint\/","name":"Imprint - Minoggio Grezesch Bachmann","isPartOf":{"@id":"https:\/\/www.mgb-law.de\/en\/#website"},"datePublished":"2024-08-21T21:32:28+00:00","dateModified":"2025-01-20T16:05:41+00:00","breadcrumb":{"@id":"https:\/\/www.mgb-law.de\/en\/imprint\/#breadcrumb"},"inLanguage":"en-US","potentialAction":[{"@type":"ReadAction","target":["https:\/\/www.mgb-law.de\/en\/imprint\/"]}]},{"@type":"BreadcrumbList","@id":"https:\/\/www.mgb-law.de\/en\/imprint\/#breadcrumb","itemListElement":[{"@type":"ListItem","position":1,"name":"Home","item":"https:\/\/www.mgb-law.de\/en\/"},{"@type":"ListItem","position":2,"name":"Imprint"}]},{"@type":"WebSite","@id":"https:\/\/www.mgb-law.de\/en\/#website","url":"https:\/\/www.mgb-law.de\/en\/","name":"Minoggio Grezesch Bachmann","description":"","potentialAction":[{"@type":"SearchAction","target":{"@type":"EntryPoint","urlTemplate":"https:\/\/www.mgb-law.de\/en\/?s={search_term_string}"},"query-input":{"@type":"PropertyValueSpecification","valueRequired":true,"valueName":"search_term_string"}}],"inLanguage":"en-US"}]}},"_links":{"self":[{"href":"https:\/\/www.mgb-law.de\/en\/wp-json\/wp\/v2\/pages\/3756","targetHints":{"allow":["GET"]}}],"collection":[{"href":"https:\/\/www.mgb-law.de\/en\/wp-json\/wp\/v2\/pages"}],"about":[{"href":"https:\/\/www.mgb-law.de\/en\/wp-json\/wp\/v2\/types\/page"}],"author":[{"embeddable":true,"href":"https:\/\/www.mgb-law.de\/en\/wp-json\/wp\/v2\/users\/2"}],"replies":[{"embeddable":true,"href":"https:\/\/www.mgb-law.de\/en\/wp-json\/wp\/v2\/comments?post=3756"}],"version-history":[{"count":4,"href":"https:\/\/www.mgb-law.de\/en\/wp-json\/wp\/v2\/pages\/3756\/revisions"}],"predecessor-version":[{"id":4774,"href":"https:\/\/www.mgb-law.de\/en\/wp-json\/wp\/v2\/pages\/3756\/revisions\/4774"}],"wp:attachment":[{"href":"https:\/\/www.mgb-law.de\/en\/wp-json\/wp\/v2\/media?parent=3756"}],"curies":[{"name":"wp","href":"https:\/\/api.w.org\/{rel}","templated":true}]}}