{"id":3750,"date":"2024-08-21T22:02:03","date_gmt":"2024-08-21T22:02:03","guid":{"rendered":"https:\/\/www.mgb-law.de\/career\/"},"modified":"2024-09-25T17:21:58","modified_gmt":"2024-09-25T17:21:58","slug":"career","status":"publish","type":"page","link":"https:\/\/www.mgb-law.de\/en\/career\/","title":{"rendered":"Career"},"content":{"rendered":"\t\t<div data-elementor-type=\"wp-page\" data-elementor-id=\"3750\" class=\"elementor elementor-3750 elementor-724\" data-elementor-post-type=\"page\">\n\t\t\t\t<div class=\"elementor-element elementor-element-8d1b764 e-flex e-con-boxed e-con e-parent\" data-id=\"8d1b764\" data-element_type=\"container\" data-e-type=\"container\" data-settings=\"{&quot;background_background&quot;:&quot;classic&quot;}\">\n\t\t\t\t\t<div class=\"e-con-inner\">\n\t\t<div class=\"elementor-element elementor-element-d74f238 e-con-full e-flex e-con e-child\" data-id=\"d74f238\" data-element_type=\"container\" data-e-type=\"container\">\n\t\t\t\t<div class=\"elementor-element elementor-element-34ece3e elementor-widget elementor-widget-spacer\" data-id=\"34ece3e\" data-element_type=\"widget\" data-e-type=\"widget\" data-widget_type=\"spacer.default\">\n\t\t\t\t<div class=\"elementor-widget-container\">\n\t\t\t\t\t\t\t<div class=\"elementor-spacer\">\n\t\t\t<div class=\"elementor-spacer-inner\"><\/div>\n\t\t<\/div>\n\t\t\t\t\t\t<\/div>\n\t\t\t\t<\/div>\n\t\t\t\t<\/div>\n\t\t\t\t\t<\/div>\n\t\t\t\t<\/div>\n\t\t<div class=\"elementor-element elementor-element-97ea089 e-flex e-con-boxed e-con e-parent\" data-id=\"97ea089\" data-element_type=\"container\" data-e-type=\"container\">\n\t\t\t\t\t<div class=\"e-con-inner\">\n\t\t<div class=\"elementor-element elementor-element-77be8a6 e-con-full e-flex e-con e-child\" data-id=\"77be8a6\" data-element_type=\"container\" data-e-type=\"container\">\n\t\t\t\t<div class=\"elementor-element elementor-element-df809d7 elementor-widget elementor-widget-heading\" data-id=\"df809d7\" data-element_type=\"widget\" data-e-type=\"widget\" data-widget_type=\"heading.default\">\n\t\t\t\t<div class=\"elementor-widget-container\">\n\t\t\t\t\t<h1 class=\"elementor-heading-title elementor-size-default\">Karriere<\/h1>\t\t\t\t<\/div>\n\t\t\t\t<\/div>\n\t\t\t\t<\/div>\n\t\t<div class=\"elementor-element elementor-element-9971b29 e-con-full e-flex e-con e-child\" data-id=\"9971b29\" data-element_type=\"container\" data-e-type=\"container\">\n\t\t\t\t<div class=\"elementor-element elementor-element-2b2d56e elementor-absolute elementor-widget elementor-widget-image\" data-id=\"2b2d56e\" data-element_type=\"widget\" data-e-type=\"widget\" data-settings=\"{&quot;_position&quot;:&quot;absolute&quot;}\" data-widget_type=\"image.default\">\n\t\t\t\t<div class=\"elementor-widget-container\">\n\t\t\t\t\t\t\t\t\t\t\t\t\t\t\t<img fetchpriority=\"high\" decoding=\"async\" width=\"785\" height=\"705\" src=\"https:\/\/www.mgb-law.de\/wp-content\/uploads\/2024\/09\/AdobeStock_96183760a.jpg\" class=\"attachment-large size-large wp-image-4009\" alt=\"\" srcset=\"https:\/\/www.mgb-law.de\/wp-content\/uploads\/2024\/09\/AdobeStock_96183760a.jpg 785w, https:\/\/www.mgb-law.de\/wp-content\/uploads\/2024\/09\/AdobeStock_96183760a-300x269.jpg 300w, https:\/\/www.mgb-law.de\/wp-content\/uploads\/2024\/09\/AdobeStock_96183760a-768x690.jpg 768w\" sizes=\"(max-width: 785px) 100vw, 785px\" \/>\t\t\t\t\t\t\t\t\t\t\t\t\t\t\t<\/div>\n\t\t\t\t<\/div>\n\t\t\t\t<\/div>\n\t\t\t\t\t<\/div>\n\t\t\t\t<\/div>\n\t\t<div class=\"elementor-element elementor-element-645c4bf e-flex e-con-boxed e-con e-parent\" data-id=\"645c4bf\" data-element_type=\"container\" data-e-type=\"container\" data-settings=\"{&quot;background_background&quot;:&quot;classic&quot;}\">\n\t\t\t\t\t<div class=\"e-con-inner\">\n\t\t\t\t<div class=\"elementor-element elementor-element-efd242a elementor-widget elementor-widget-spacer\" data-id=\"efd242a\" data-element_type=\"widget\" data-e-type=\"widget\" data-widget_type=\"spacer.default\">\n\t\t\t\t<div class=\"elementor-widget-container\">\n\t\t\t\t\t\t\t<div class=\"elementor-spacer\">\n\t\t\t<div class=\"elementor-spacer-inner\"><\/div>\n\t\t<\/div>\n\t\t\t\t\t\t<\/div>\n\t\t\t\t<\/div>\n\t\t<div class=\"elementor-element elementor-element-363a134 e-con-full e-flex e-con e-child\" data-id=\"363a134\" data-element_type=\"container\" data-e-type=\"container\">\n\t\t<div class=\"elementor-element elementor-element-63b2d75 e-con-full e-flex e-con e-child\" data-id=\"63b2d75\" data-element_type=\"container\" data-e-type=\"container\">\n\t\t\t\t<div class=\"elementor-element elementor-element-7cc1432 elementor-widget elementor-widget-text-editor\" data-id=\"7cc1432\" data-element_type=\"widget\" data-e-type=\"widget\" data-widget_type=\"text-editor.default\">\n\t\t\t\t<div class=\"elementor-widget-container\">\n\t\t\t\t\t\t\t\t\t<h3>Rechtsanw\u00e4ltinnen und Rechtsanw\u00e4lte<\/h3>\n<h5>Das sind Sie<\/h5>\n<p style=\"font-weight: 400;\">W\u00e4hrend Ihres Studiums, Referendariats oder einer anderen einschl\u00e4gigen Ausbildung haben Sie Interesse am Steuerrecht, Wirtschaftsstrafrecht und\/oder Steuerstrafrecht entwickelt. Sie sind vielleicht auch bereits in einem dieser Bereiche t\u00e4tig und m\u00f6chten Ihre Erfahrungen auf einem besonders hohen fachlichen Niveau weiter erweitern.  <\/p>\n<p style=\"font-weight: 400;\">Besonders spannend finden Sie die Schnittstellen zwischen Steuerrecht und Strafrecht. Gleichzeitig reizt es Sie, in streitigen Auseinandersetzungen f\u00fcr die Interessen Ihrer Mandanten einzutreten und Sie wo n\u00f6tig von Gericht zu vertreten. <\/p>\n<p style=\"font-weight: 400;\">Sie arbeiten gerne im Team und w\u00fcnschen sich f\u00fcr Ihre berufliche Zukunft ein pers\u00f6nliches und kollegiales Umfeld. <\/p>\n<h5 style=\"font-weight: 400;\">Das bieten wir Ihnen<\/h5>\n<p style=\"font-weight: 400;\">Ob mit oder ohne Berufserfahrung \u2013 bei uns k\u00f6nnen Sie Ihre beruflichen Ziele in einem wertsch\u00e4tzenden, kollegialen und im positiven Sinne herausfordernden Umfeld verwirklichen. Sie profitieren von Expertise unserer erfahrenen Beraterinnen und Berater Steuerrecht, steuerlichen Verfahrensrecht, Steuer- und Wirtschaftsstrafrecht sowie mit der Abwehr von Regressen gegen Steuerberater und k\u00f6nnen Ihre Kenntnisse entsprechend vertiefen. <\/p>\n<p style=\"font-weight: 400;\">Von Beginn an \u00fcbernehmen Sie im Mandat Verantwortung, werden aber nicht ins kalte Wasser geworfen. Sie erhalten bei uns eine umfassende Ausbildung und in jeder Situation sowie nach individuellem Ausbildungsstand den erforderlichen Support und R\u00fcckhalt durch berufserfahrene Kollegen. <\/p>\n<p style=\"font-weight: 400;\">Wir begr\u00fc\u00dfen es ausdr\u00fccklich, wenn Sie sich weiterbilden m\u00f6chten und unterst\u00fctzen Sie daher bei der Ausbildung zur Fachanw\u00e4ltin\/zum Fachanwalt f\u00fcr Steuerrecht und\/oder zur Fachanw\u00e4ltin\/zum Fachanwalt f\u00fcr Strafrecht.<\/p>\n\t\t\t\t\t\t\t\t<\/div>\n\t\t\t\t<\/div>\n\t\t\t\t<div class=\"elementor-element elementor-element-eb9c13e elementor-widget-divider--view-line elementor-widget elementor-widget-divider\" data-id=\"eb9c13e\" data-element_type=\"widget\" data-e-type=\"widget\" data-widget_type=\"divider.default\">\n\t\t\t\t<div class=\"elementor-widget-container\">\n\t\t\t\t\t\t\t<div class=\"elementor-divider\">\n\t\t\t<span class=\"elementor-divider-separator\">\n\t\t\t\t\t\t<\/span>\n\t\t<\/div>\n\t\t\t\t\t\t<\/div>\n\t\t\t\t<\/div>\n\t\t\t\t<div class=\"elementor-element elementor-element-67fbda0 elementor-widget elementor-widget-text-editor\" data-id=\"67fbda0\" data-element_type=\"widget\" data-e-type=\"widget\" data-widget_type=\"text-editor.default\">\n\t\t\t\t<div class=\"elementor-widget-container\">\n\t\t\t\t\t\t\t\t\t<h3>Praktikum, Referendarstation und Wissenschaftliche Mitarbeit<\/h3>\n<p style=\"font-weight: 400;\">Sie suchen eine spezialisierte Kanzlei f\u00fcr ein Praktikum, eine Referendarstation oder eine Nebent\u00e4tigkeit als Wissenschaftlicher Mitarbeiter? Wir freuen uns immer \u00fcber das Interesse von engagierten Nachwuchsjuristinnen und -juristen. <\/p>\n<p>Vertiefte Einblicke in die anwaltliche T\u00e4tigkeit gewinnen Sie bei uns insbesondere in den folgenden Bereichen:<\/p>\n<ul>\n<li><a href=\"https:\/\/www.mgb-law.de\/en\/services\/commercial-criminal-law\/\">Wirtschaftsstrafrecht<\/a><\/li>\n<li><a href=\"https:\/\/www.mgb-law.de\/leistungen\/steuerstrafrecht-2\/\">Steuerstrafrecht<\/a><\/li>\n<li><a href=\"https:\/\/www.mgb-law.de\/en\/services\/tax-related-conflict-management\/\">Steuerliches Konfliktmanagement<\/a><\/li>\n<li><a href=\"https:\/\/www.mgb-law.de\/leistungen\/compliance\/\">Compliance  Internal Investigations<\/a><\/li>\n<li><a href=\"https:\/\/www.mgb-law.de\/en\/services\/criminal-law-and-criminal-defence\/\">Strafrecht  Strafverteidigung<\/a><\/li>\n<li><a href=\"https:\/\/www.mgb-law.de\/leistungen\/regressabwehr\/\">Regressrecht<\/a><\/li>\n<li><a href=\"https:\/\/www.mgb-law.de\/en\/services\/seizure-asset-recovery\/\">Arrest  Verm\u00f6gensabsch\u00f6pfung<\/a><\/li>\n<\/ul>\n<p>Wer bei uns mitarbeiten m\u00f6chte, sollte gute Studienleistungen vorweisen k\u00f6nnen, vor allem aber neugierig, engagiert, lernbereit und verl\u00e4sslich sein. <\/p>\n\t\t\t\t\t\t\t\t<\/div>\n\t\t\t\t<\/div>\n\t\t\t\t<div class=\"elementor-element elementor-element-f253ddc elementor-widget elementor-widget-spacer\" data-id=\"f253ddc\" data-element_type=\"widget\" data-e-type=\"widget\" data-widget_type=\"spacer.default\">\n\t\t\t\t<div class=\"elementor-widget-container\">\n\t\t\t\t\t\t\t<div class=\"elementor-spacer\">\n\t\t\t<div class=\"elementor-spacer-inner\"><\/div>\n\t\t<\/div>\n\t\t\t\t\t\t<\/div>\n\t\t\t\t<\/div>\n\t\t\t\t<\/div>\n\t\t\t\t<div class=\"elementor-element elementor-element-9357809 elementor-widget elementor-widget-spacer\" data-id=\"9357809\" data-element_type=\"widget\" data-e-type=\"widget\" data-widget_type=\"spacer.default\">\n\t\t\t\t<div class=\"elementor-widget-container\">\n\t\t\t\t\t\t\t<div class=\"elementor-spacer\">\n\t\t\t<div class=\"elementor-spacer-inner\"><\/div>\n\t\t<\/div>\n\t\t\t\t\t\t<\/div>\n\t\t\t\t<\/div>\n\t\t<div class=\"elementor-element elementor-element-9624af1 e-con-full e-flex e-con e-child\" data-id=\"9624af1\" data-element_type=\"container\" data-e-type=\"container\">\n\t\t\t\t<div class=\"elementor-element elementor-element-24b346e elementor-widget elementor-widget-text-editor\" data-id=\"24b346e\" data-element_type=\"widget\" data-e-type=\"widget\" data-widget_type=\"text-editor.default\">\n\t\t\t\t<div class=\"elementor-widget-container\">\n\t\t\t\t\t\t\t\t\t<h3>Jetzt bewerben!<\/h3>\n\t\t\t\t\t\t\t\t<\/div>\n\t\t\t\t<\/div>\n\t\t\t\t<div class=\"elementor-element elementor-element-6261398 elementor-widget elementor-widget-text-editor\" data-id=\"6261398\" data-element_type=\"widget\" data-e-type=\"widget\" data-widget_type=\"text-editor.default\">\n\t\t\t\t<div class=\"elementor-widget-container\">\n\t\t\t\t\t\t\t\t\t<p><span style=\"text-align: var(--text-align); font-size: 18px;\">Wenn Sie Interesse haben, mit uns ins Gespr\u00e4ch zu kommen, freuen wir uns auf Ihre Kontaktaufnahme!<\/span><\/p>\n<p>Ihre Bewerbung \u2013 oder Ihre Fragen vorab \u2013 senden Sie bitte an:<\/p>\n<p><a href=\"mailto:karriere@mgb-law.de\">karriere@mgb-law.de<\/a><\/p>\n\t\t\t\t\t\t\t\t<\/div>\n\t\t\t\t<\/div>\n\t\t\t\t<\/div>\n\t\t\t\t<\/div>\n\t\t\t\t\t<\/div>\n\t\t\t\t<\/div>\n\t\t\t\t<\/div>\n\t\t","protected":false},"excerpt":{"rendered":"<p>Karriere Rechtsanw\u00e4ltinnen und Rechtsanw\u00e4lte Das sind Sie W\u00e4hrend Ihres Studiums, Referendariats oder einer anderen einschl\u00e4gigen Ausbildung haben Sie Interesse am Steuerrecht, Wirtschaftsstrafrecht und\/oder Steuerstrafrecht entwickelt. Sie sind vielleicht auch bereits in einem dieser Bereiche t\u00e4tig und m\u00f6chten Ihre Erfahrungen auf einem besonders hohen fachlichen Niveau weiter erweitern. Besonders spannend finden Sie die Schnittstellen zwischen Steuerrecht [&hellip;]<\/p>\n","protected":false},"author":2,"featured_media":0,"parent":0,"menu_order":0,"comment_status":"closed","ping_status":"closed","template":"","meta":{"_acf_changed":false,"footnotes":""},"class_list":["post-3750","page","type-page","status-publish","hentry"],"acf":[],"yoast_head":"<!-- This site is optimized with the Yoast SEO Premium plugin v26.1 (Yoast SEO v27.3) - https:\/\/yoast.com\/product\/yoast-seo-premium-wordpress\/ -->\n<title>Career - Minoggio Grezesch Bachmann<\/title>\n<meta name=\"robots\" content=\"index, follow, max-snippet:-1, max-image-preview:large, max-video-preview:-1\" \/>\n<meta property=\"og:locale\" content=\"en_US\" \/>\n<meta property=\"og:type\" content=\"article\" \/>\n<meta property=\"og:title\" content=\"Career\" \/>\n<meta property=\"og:description\" content=\"Karriere Rechtsanw\u00e4ltinnen und Rechtsanw\u00e4lte Das sind Sie W\u00e4hrend Ihres Studiums, Referendariats oder einer anderen einschl\u00e4gigen Ausbildung haben Sie Interesse am Steuerrecht, Wirtschaftsstrafrecht und\/oder Steuerstrafrecht entwickelt. Sie sind vielleicht auch bereits in einem dieser Bereiche t\u00e4tig und m\u00f6chten Ihre Erfahrungen auf einem besonders hohen fachlichen Niveau weiter erweitern. Besonders spannend finden Sie die Schnittstellen zwischen Steuerrecht [&hellip;]\" \/>\n<meta property=\"og:url\" content=\"https:\/\/www.mgb-law.de\/en\/career\/\" \/>\n<meta property=\"og:site_name\" content=\"Minoggio Grezesch Bachmann\" \/>\n<meta property=\"article:modified_time\" content=\"2024-09-25T17:21:58+00:00\" \/>\n<meta property=\"og:image\" content=\"https:\/\/www.mgb-law.de\/wp-content\/uploads\/2024\/09\/AdobeStock_96183760a.jpg\" \/>\n<meta name=\"twitter:card\" content=\"summary_large_image\" \/>\n<meta name=\"twitter:label1\" content=\"Est. reading time\" \/>\n\t<meta name=\"twitter:data1\" content=\"2 minutes\" \/>\n<script type=\"application\/ld+json\" class=\"yoast-schema-graph\">{\"@context\":\"https:\\\/\\\/schema.org\",\"@graph\":[{\"@type\":\"WebPage\",\"@id\":\"https:\\\/\\\/www.mgb-law.de\\\/en\\\/career\\\/\",\"url\":\"https:\\\/\\\/www.mgb-law.de\\\/en\\\/career\\\/\",\"name\":\"Career - Minoggio Grezesch Bachmann\",\"isPartOf\":{\"@id\":\"https:\\\/\\\/www.mgb-law.de\\\/en\\\/#website\"},\"primaryImageOfPage\":{\"@id\":\"https:\\\/\\\/www.mgb-law.de\\\/en\\\/career\\\/#primaryimage\"},\"image\":{\"@id\":\"https:\\\/\\\/www.mgb-law.de\\\/en\\\/career\\\/#primaryimage\"},\"thumbnailUrl\":\"https:\\\/\\\/www.mgb-law.de\\\/wp-content\\\/uploads\\\/2024\\\/09\\\/AdobeStock_96183760a.jpg\",\"datePublished\":\"2024-08-21T22:02:03+00:00\",\"dateModified\":\"2024-09-25T17:21:58+00:00\",\"breadcrumb\":{\"@id\":\"https:\\\/\\\/www.mgb-law.de\\\/en\\\/career\\\/#breadcrumb\"},\"inLanguage\":\"en-US\",\"potentialAction\":[{\"@type\":\"ReadAction\",\"target\":[\"https:\\\/\\\/www.mgb-law.de\\\/en\\\/career\\\/\"]}]},{\"@type\":\"ImageObject\",\"inLanguage\":\"en-US\",\"@id\":\"https:\\\/\\\/www.mgb-law.de\\\/en\\\/career\\\/#primaryimage\",\"url\":\"https:\\\/\\\/www.mgb-law.de\\\/wp-content\\\/uploads\\\/2024\\\/09\\\/AdobeStock_96183760a.jpg\",\"contentUrl\":\"https:\\\/\\\/www.mgb-law.de\\\/wp-content\\\/uploads\\\/2024\\\/09\\\/AdobeStock_96183760a.jpg\"},{\"@type\":\"BreadcrumbList\",\"@id\":\"https:\\\/\\\/www.mgb-law.de\\\/en\\\/career\\\/#breadcrumb\",\"itemListElement\":[{\"@type\":\"ListItem\",\"position\":1,\"name\":\"Home\",\"item\":\"https:\\\/\\\/www.mgb-law.de\\\/en\\\/\"},{\"@type\":\"ListItem\",\"position\":2,\"name\":\"Career\"}]},{\"@type\":\"WebSite\",\"@id\":\"https:\\\/\\\/www.mgb-law.de\\\/en\\\/#website\",\"url\":\"https:\\\/\\\/www.mgb-law.de\\\/en\\\/\",\"name\":\"Minoggio Grezesch Bachmann\",\"description\":\"\",\"potentialAction\":[{\"@type\":\"SearchAction\",\"target\":{\"@type\":\"EntryPoint\",\"urlTemplate\":\"https:\\\/\\\/www.mgb-law.de\\\/en\\\/?s={search_term_string}\"},\"query-input\":{\"@type\":\"PropertyValueSpecification\",\"valueRequired\":true,\"valueName\":\"search_term_string\"}}],\"inLanguage\":\"en-US\"}]}<\/script>\n<!-- \/ Yoast SEO Premium plugin. -->","yoast_head_json":{"title":"Career - Minoggio Grezesch Bachmann","robots":{"index":"index","follow":"follow","max-snippet":"max-snippet:-1","max-image-preview":"max-image-preview:large","max-video-preview":"max-video-preview:-1"},"og_locale":"en_US","og_type":"article","og_title":"Career","og_description":"Karriere Rechtsanw\u00e4ltinnen und Rechtsanw\u00e4lte Das sind Sie W\u00e4hrend Ihres Studiums, Referendariats oder einer anderen einschl\u00e4gigen Ausbildung haben Sie Interesse am Steuerrecht, Wirtschaftsstrafrecht und\/oder Steuerstrafrecht entwickelt. Sie sind vielleicht auch bereits in einem dieser Bereiche t\u00e4tig und m\u00f6chten Ihre Erfahrungen auf einem besonders hohen fachlichen Niveau weiter erweitern. Besonders spannend finden Sie die Schnittstellen zwischen Steuerrecht [&hellip;]","og_url":"https:\/\/www.mgb-law.de\/en\/career\/","og_site_name":"Minoggio Grezesch Bachmann","article_modified_time":"2024-09-25T17:21:58+00:00","og_image":[{"url":"https:\/\/www.mgb-law.de\/wp-content\/uploads\/2024\/09\/AdobeStock_96183760a.jpg","type":"","width":"","height":""}],"twitter_card":"summary_large_image","twitter_misc":{"Est. reading time":"2 minutes"},"schema":{"@context":"https:\/\/schema.org","@graph":[{"@type":"WebPage","@id":"https:\/\/www.mgb-law.de\/en\/career\/","url":"https:\/\/www.mgb-law.de\/en\/career\/","name":"Career - Minoggio Grezesch Bachmann","isPartOf":{"@id":"https:\/\/www.mgb-law.de\/en\/#website"},"primaryImageOfPage":{"@id":"https:\/\/www.mgb-law.de\/en\/career\/#primaryimage"},"image":{"@id":"https:\/\/www.mgb-law.de\/en\/career\/#primaryimage"},"thumbnailUrl":"https:\/\/www.mgb-law.de\/wp-content\/uploads\/2024\/09\/AdobeStock_96183760a.jpg","datePublished":"2024-08-21T22:02:03+00:00","dateModified":"2024-09-25T17:21:58+00:00","breadcrumb":{"@id":"https:\/\/www.mgb-law.de\/en\/career\/#breadcrumb"},"inLanguage":"en-US","potentialAction":[{"@type":"ReadAction","target":["https:\/\/www.mgb-law.de\/en\/career\/"]}]},{"@type":"ImageObject","inLanguage":"en-US","@id":"https:\/\/www.mgb-law.de\/en\/career\/#primaryimage","url":"https:\/\/www.mgb-law.de\/wp-content\/uploads\/2024\/09\/AdobeStock_96183760a.jpg","contentUrl":"https:\/\/www.mgb-law.de\/wp-content\/uploads\/2024\/09\/AdobeStock_96183760a.jpg"},{"@type":"BreadcrumbList","@id":"https:\/\/www.mgb-law.de\/en\/career\/#breadcrumb","itemListElement":[{"@type":"ListItem","position":1,"name":"Home","item":"https:\/\/www.mgb-law.de\/en\/"},{"@type":"ListItem","position":2,"name":"Career"}]},{"@type":"WebSite","@id":"https:\/\/www.mgb-law.de\/en\/#website","url":"https:\/\/www.mgb-law.de\/en\/","name":"Minoggio Grezesch Bachmann","description":"","potentialAction":[{"@type":"SearchAction","target":{"@type":"EntryPoint","urlTemplate":"https:\/\/www.mgb-law.de\/en\/?s={search_term_string}"},"query-input":{"@type":"PropertyValueSpecification","valueRequired":true,"valueName":"search_term_string"}}],"inLanguage":"en-US"}]}},"_links":{"self":[{"href":"https:\/\/www.mgb-law.de\/en\/wp-json\/wp\/v2\/pages\/3750","targetHints":{"allow":["GET"]}}],"collection":[{"href":"https:\/\/www.mgb-law.de\/en\/wp-json\/wp\/v2\/pages"}],"about":[{"href":"https:\/\/www.mgb-law.de\/en\/wp-json\/wp\/v2\/types\/page"}],"author":[{"embeddable":true,"href":"https:\/\/www.mgb-law.de\/en\/wp-json\/wp\/v2\/users\/2"}],"replies":[{"embeddable":true,"href":"https:\/\/www.mgb-law.de\/en\/wp-json\/wp\/v2\/comments?post=3750"}],"version-history":[{"count":4,"href":"https:\/\/www.mgb-law.de\/en\/wp-json\/wp\/v2\/pages\/3750\/revisions"}],"predecessor-version":[{"id":4174,"href":"https:\/\/www.mgb-law.de\/en\/wp-json\/wp\/v2\/pages\/3750\/revisions\/4174"}],"wp:attachment":[{"href":"https:\/\/www.mgb-law.de\/en\/wp-json\/wp\/v2\/media?parent=3750"}],"curies":[{"name":"wp","href":"https:\/\/api.w.org\/{rel}","templated":true}]}}